{"id":101,"date":"2024-02-25T22:55:54","date_gmt":"2024-02-25T21:55:54","guid":{"rendered":"https:\/\/lecheminduromarin.fr\/?page_id=101"},"modified":"2024-05-29T12:23:47","modified_gmt":"2024-05-29T10:23:47","slug":"activites","status":"publish","type":"page","link":"https:\/\/lecheminduromarin.fr\/?page_id=101","title":{"rendered":"Activit\u00e9s"},"content":{"rendered":"\n<div class=\"wp-block-group ona-container is-style-ona-negative-offset-top is-layout-flow wp-block-group-is-layout-flow\" style=\"padding-top:100px;padding-bottom:20px\">\n<h2 class=\"wp-block-heading has-text-align-center is-style-ona-alt-font\" id=\"my-art\"><a href=\"https:\/\/lecheminduromarin.fr\/?page_id=103\" title=\"Sur Place\">Sur Place<\/a><\/h2>\n\n\n\n<figure class=\"wp-block-gallery has-nested-images columns-5 is-cropped wp-block-gallery-1 is-layout-flex wp-block-gallery-is-layout-flex\">\n<figure class=\"wp-block-image size-large\"><img loading=\"lazy\" decoding=\"async\" width=\"1024\" height=\"768\" src=\"https:\/\/lecheminduromarin.fr\/wp-content\/uploads\/2024\/04\/SWIM_PISCINE-2-1024x768.jpg\" alt=\"\" class=\"wp-image-557\" srcset=\"https:\/\/lecheminduromarin.fr\/wp-content\/uploads\/2024\/04\/SWIM_PISCINE-2-1024x768.jpg 1024w, https:\/\/lecheminduromarin.fr\/wp-content\/uploads\/2024\/04\/SWIM_PISCINE-2-300x225.jpg 300w, https:\/\/lecheminduromarin.fr\/wp-content\/uploads\/2024\/04\/SWIM_PISCINE-2-768x576.jpg 768w, https:\/\/lecheminduromarin.fr\/wp-content\/uploads\/2024\/04\/SWIM_PISCINE-2-1536x1152.jpg 1536w, https:\/\/lecheminduromarin.fr\/wp-content\/uploads\/2024\/04\/SWIM_PISCINE-2-1170x878.jpg 1170w, https:\/\/lecheminduromarin.fr\/wp-content\/uploads\/2024\/04\/SWIM_PISCINE-2.jpg 2048w\" sizes=\"(max-width: 1024px) 100vw, 1024px\" \/><\/figure>\n\n\n\n<figure class=\"wp-block-image size-full\"><img loading=\"lazy\" decoding=\"async\" width=\"1536\" height=\"2048\" src=\"https:\/\/lecheminduromarin.fr\/wp-content\/uploads\/2024\/04\/435432232_1308878833848629_9085252137390808769_n-1.jpg\" alt=\"Activit\u00e9s des g\u00eetes sur place, \u00e9quipement : sauna, piscine, terrasse, barbecue, spa, ping-pong, jeux pour enfants, promenade, d\u00e9gustation au domaine\" class=\"wp-image-558\" srcset=\"https:\/\/lecheminduromarin.fr\/wp-content\/uploads\/2024\/04\/435432232_1308878833848629_9085252137390808769_n-1.jpg 1536w, https:\/\/lecheminduromarin.fr\/wp-content\/uploads\/2024\/04\/435432232_1308878833848629_9085252137390808769_n-1-225x300.jpg 225w, https:\/\/lecheminduromarin.fr\/wp-content\/uploads\/2024\/04\/435432232_1308878833848629_9085252137390808769_n-1-768x1024.jpg 768w, https:\/\/lecheminduromarin.fr\/wp-content\/uploads\/2024\/04\/435432232_1308878833848629_9085252137390808769_n-1-1152x1536.jpg 1152w, https:\/\/lecheminduromarin.fr\/wp-content\/uploads\/2024\/04\/435432232_1308878833848629_9085252137390808769_n-1-1170x1560.jpg 1170w\" sizes=\"(max-width: 1536px) 100vw, 1536px\" \/><\/figure>\n\n\n\n<figure class=\"wp-block-image size-full\"><img loading=\"lazy\" decoding=\"async\" width=\"1080\" height=\"1440\" src=\"https:\/\/lecheminduromarin.fr\/wp-content\/uploads\/2024\/04\/436730566_2671772749654538_5327321383199837286_n.jpg\" alt=\"Activit\u00e9s des g\u00eetes sur place, \u00e9quipement : sauna, piscine, terrasse, barbecue, spa, ping-pong, jeux pour enfants, promenade, d\u00e9gustation au domaine\" class=\"wp-image-538\" srcset=\"https:\/\/lecheminduromarin.fr\/wp-content\/uploads\/2024\/04\/436730566_2671772749654538_5327321383199837286_n.jpg 1080w, https:\/\/lecheminduromarin.fr\/wp-content\/uploads\/2024\/04\/436730566_2671772749654538_5327321383199837286_n-225x300.jpg 225w, https:\/\/lecheminduromarin.fr\/wp-content\/uploads\/2024\/04\/436730566_2671772749654538_5327321383199837286_n-768x1024.jpg 768w\" sizes=\"(max-width: 1080px) 100vw, 1080px\" \/><\/figure>\n<\/figure>\n\n\n\n<h2 class=\"wp-block-heading has-text-align-center is-style-ona-alt-font\" id=\"my-art\"><a href=\"https:\/\/lecheminduromarin.fr\/?page_id=105\" title=\"\u00c0 PROXIMIT\u00c9\">A Proximit\u00e9<\/a><\/h2>\n\n\n\n<figure class=\"wp-block-gallery has-nested-images columns-5 is-cropped wp-block-gallery-2 is-layout-flex wp-block-gallery-is-layout-flex\">\n<figure class=\"wp-block-image size-large\"><a href=\"https:\/\/lecheminduromarin.fr\/?page_id=105\"><img loading=\"lazy\" decoding=\"async\" width=\"1024\" height=\"576\" src=\"https:\/\/lecheminduromarin.fr\/wp-content\/uploads\/2024\/03\/Talmont_0123w-1024x576.jpg\" alt=\"\" class=\"wp-image-318\" srcset=\"https:\/\/lecheminduromarin.fr\/wp-content\/uploads\/2024\/03\/Talmont_0123w-1024x576.jpg 1024w, https:\/\/lecheminduromarin.fr\/wp-content\/uploads\/2024\/03\/Talmont_0123w-300x169.jpg 300w, https:\/\/lecheminduromarin.fr\/wp-content\/uploads\/2024\/03\/Talmont_0123w-768x432.jpg 768w, https:\/\/lecheminduromarin.fr\/wp-content\/uploads\/2024\/03\/Talmont_0123w-1536x864.jpg 1536w, https:\/\/lecheminduromarin.fr\/wp-content\/uploads\/2024\/03\/Talmont_0123w-1170x658.jpg 1170w, https:\/\/lecheminduromarin.fr\/wp-content\/uploads\/2024\/03\/Talmont_0123w.jpg 1600w\" sizes=\"(max-width: 1024px) 100vw, 1024px\" \/><\/a><\/figure>\n\n\n\n<figure class=\"wp-block-image size-large\"><a href=\"https:\/\/lecheminduromarin.fr\/?page_id=105\"><img loading=\"lazy\" decoding=\"async\" width=\"1024\" height=\"682\" src=\"https:\/\/lecheminduromarin.fr\/wp-content\/uploads\/2024\/03\/13-estuaire-de-la-gironde-talmont-lesley-williamson-3-1024x682.jpg\" alt=\"\" class=\"wp-image-320\" srcset=\"https:\/\/lecheminduromarin.fr\/wp-content\/uploads\/2024\/03\/13-estuaire-de-la-gironde-talmont-lesley-williamson-3-1024x682.jpg 1024w, https:\/\/lecheminduromarin.fr\/wp-content\/uploads\/2024\/03\/13-estuaire-de-la-gironde-talmont-lesley-williamson-3-300x200.jpg 300w, https:\/\/lecheminduromarin.fr\/wp-content\/uploads\/2024\/03\/13-estuaire-de-la-gironde-talmont-lesley-williamson-3-768x511.jpg 768w, https:\/\/lecheminduromarin.fr\/wp-content\/uploads\/2024\/03\/13-estuaire-de-la-gironde-talmont-lesley-williamson-3-1536x1022.jpg 1536w, https:\/\/lecheminduromarin.fr\/wp-content\/uploads\/2024\/03\/13-estuaire-de-la-gironde-talmont-lesley-williamson-3-1170x779.jpg 1170w, https:\/\/lecheminduromarin.fr\/wp-content\/uploads\/2024\/03\/13-estuaire-de-la-gironde-talmont-lesley-williamson-3.jpg 1600w\" sizes=\"(max-width: 1024px) 100vw, 1024px\" \/><\/a><\/figure>\n\n\n\n<figure class=\"wp-block-image size-full\"><a href=\"https:\/\/lecheminduromarin.fr\/?page_id=105\"><img loading=\"lazy\" decoding=\"async\" width=\"810\" height=\"468\" src=\"https:\/\/lecheminduromarin.fr\/wp-content\/uploads\/2024\/04\/amphitheatre-des-requins\u00a9aquarium-larochelle.jpg\" alt=\"\" class=\"wp-image-400\" srcset=\"https:\/\/lecheminduromarin.fr\/wp-content\/uploads\/2024\/04\/amphitheatre-des-requins\u00a9aquarium-larochelle.jpg 810w, https:\/\/lecheminduromarin.fr\/wp-content\/uploads\/2024\/04\/amphitheatre-des-requins\u00a9aquarium-larochelle-300x173.jpg 300w, https:\/\/lecheminduromarin.fr\/wp-content\/uploads\/2024\/04\/amphitheatre-des-requins\u00a9aquarium-larochelle-768x444.jpg 768w\" sizes=\"(max-width: 810px) 100vw, 810px\" \/><\/a><\/figure>\n<\/figure>\n<\/div>\n","protected":false},"excerpt":{"rendered":"<p>Sur Place A Proximit\u00e9<\/p>\n","protected":false},"author":1,"featured_media":0,"parent":0,"menu_order":0,"comment_status":"closed","ping_status":"closed","template":"","meta":{"footnotes":""},"aioseo_notices":[],"_links":{"self":[{"href":"https:\/\/lecheminduromarin.fr\/index.php?rest_route=\/wp\/v2\/pages\/101"}],"collection":[{"href":"https:\/\/lecheminduromarin.fr\/index.php?rest_route=\/wp\/v2\/pages"}],"about":[{"href":"https:\/\/lecheminduromarin.fr\/index.php?rest_route=\/wp\/v2\/types\/page"}],"author":[{"embeddable":true,"href":"https:\/\/lecheminduromarin.fr\/index.php?rest_route=\/wp\/v2\/users\/1"}],"replies":[{"embeddable":true,"href":"https:\/\/lecheminduromarin.fr\/index.php?rest_route=%2Fwp%2Fv2%2Fcomments&post=101"}],"version-history":[{"count":5,"href":"https:\/\/lecheminduromarin.fr\/index.php?rest_route=\/wp\/v2\/pages\/101\/revisions"}],"predecessor-version":[{"id":607,"href":"https:\/\/lecheminduromarin.fr\/index.php?rest_route=\/wp\/v2\/pages\/101\/revisions\/607"}],"wp:attachment":[{"href":"https:\/\/lecheminduromarin.fr\/index.php?rest_route=%2Fwp%2Fv2%2Fmedia&parent=101"}],"curies":[{"name":"wp","href":"https:\/\/api.w.org\/{rel}","templated":true}]}}