{"id":103,"date":"2024-02-25T22:56:44","date_gmt":"2024-02-25T21:56:44","guid":{"rendered":"https:\/\/lecheminduromarin.fr\/?page_id=103"},"modified":"2024-04-17T09:02:27","modified_gmt":"2024-04-17T07:02:27","slug":"sur-place","status":"publish","type":"page","link":"https:\/\/lecheminduromarin.fr\/?page_id=103","title":{"rendered":"Sur Place"},"content":{"rendered":"\n<div class=\"wp-block-group alignwide ona-container is-layout-flow wp-block-group-is-layout-flow\" style=\"padding-top:100px;padding-bottom:20px\">\n<h2 class=\"wp-block-heading has-text-align-center is-style-ona-alt-font\" id=\"my-art\">Repos, Bien-\u00eatre et  D\u00e9tente <\/h2>\n\n\n\n<h3 class=\"wp-block-heading has-text-align-center has-medium-font-size\" id=\"check-my-latest-photos\">SPA, Sauna, Piscine, Terrasse et Jardin privatif<\/h3>\n\n\n\n<figure class=\"wp-block-gallery has-nested-images columns-default is-cropped wp-block-gallery-1 is-layout-flex wp-block-gallery-is-layout-flex\">\n<figure class=\"wp-block-image size-large\"><img decoding=\"async\" src=\"https:\/\/lecheminduromarin.fr\/wp-content\/uploads\/2024\/04\/SWIM_PISCINE-1-edited-1-1024x576.jpg\" alt=\"\" class=\"wp-image-534\"\/><\/figure>\n<\/figure>\n\n\n\n<figure class=\"wp-block-gallery has-nested-images columns-5 is-cropped wp-block-gallery-2 is-layout-flex wp-block-gallery-is-layout-flex\">\n<figure class=\"wp-block-image size-large\"><img decoding=\"async\" src=\"https:\/\/lecheminduromarin.fr\/wp-content\/uploads\/2024\/04\/DSCN1163-edited-scaled.jpg\" alt=\"\" class=\"wp-image-562\"\/><\/figure>\n\n\n\n<figure class=\"wp-block-image size-large\"><img decoding=\"async\" src=\"https:\/\/lecheminduromarin.fr\/wp-content\/uploads\/2024\/04\/435432232_1308878833848629_9085252137390808769_n-1-edited.jpg\" alt=\"\" class=\"wp-image-559\"\/><\/figure>\n\n\n\n<figure class=\"wp-block-image size-full\"><img loading=\"lazy\" decoding=\"async\" width=\"642\" height=\"335\" src=\"https:\/\/lecheminduromarin.fr\/wp-content\/uploads\/2024\/04\/spa.jpg\" alt=\"\" class=\"wp-image-556\" srcset=\"https:\/\/lecheminduromarin.fr\/wp-content\/uploads\/2024\/04\/spa.jpg 642w, https:\/\/lecheminduromarin.fr\/wp-content\/uploads\/2024\/04\/spa-300x157.jpg 300w\" sizes=\"(max-width: 642px) 100vw, 642px\" \/><\/figure>\n<\/figure>\n<\/div>\n\n\n\n<div class=\"wp-block-group alignwide ona-container is-layout-flow wp-block-group-is-layout-flow\" style=\"padding-top:100px;padding-bottom:20px\">\n<h2 class=\"wp-block-heading has-text-align-center is-style-ona-alt-font\" id=\"my-art\">Activit\u00e9s Physique <\/h2>\n\n\n\n<h3 class=\"wp-block-heading has-text-align-center has-medium-font-size\" id=\"check-my-latest-photos\">Salle de Sport, Ping Pong, Jeux Pour Enfants, Promenade<\/h3>\n\n\n\n<figure class=\"wp-block-gallery has-nested-images columns-5 is-cropped wp-block-gallery-3 is-layout-flex wp-block-gallery-is-layout-flex\">\n<figure class=\"wp-block-image size-large\"><img decoding=\"async\" src=\"https:\/\/lecheminduromarin.fr\/wp-content\/uploads\/2024\/04\/DSCN1175-edited-scaled.jpg\" alt=\"\" class=\"wp-image-561\"\/><\/figure>\n\n\n\n<figure class=\"wp-block-image size-large\"><img decoding=\"async\" src=\"https:\/\/lecheminduromarin.fr\/wp-content\/uploads\/2024\/04\/DSCN1157-edited-scaled.jpg\" alt=\"\" class=\"wp-image-560\"\/><\/figure>\n<\/figure>\n<\/div>\n\n\n\n<div class=\"wp-block-group alignwide ona-container is-layout-flow wp-block-group-is-layout-flow\" style=\"padding-top:100px;padding-bottom:20px\">\n<h2 class=\"wp-block-heading has-text-align-center is-style-ona-alt-font\" id=\"my-art\">D\u00e9couverte et Convivialit\u00e9 <\/h2>\n\n\n\n<h3 class=\"wp-block-heading has-text-align-center has-medium-font-size\" id=\"check-my-latest-photos\">Visite des chais et D\u00e9gustations<\/h3>\n\n\n\n<figure class=\"wp-block-gallery has-nested-images columns-5 is-cropped wp-block-gallery-4 is-layout-flex wp-block-gallery-is-layout-flex\">\n<figure class=\"wp-block-image size-large\"><img decoding=\"async\" src=\"https:\/\/lecheminduromarin.fr\/wp-content\/uploads\/2024\/04\/435623754_402516682759797_7928938350693618770_n-edited-1024x576.jpg\" alt=\"\" class=\"wp-image-536\"\/><\/figure>\n\n\n\n<figure class=\"wp-block-image size-large\"><img decoding=\"async\" src=\"https:\/\/lecheminduromarin.fr\/wp-content\/uploads\/2024\/04\/435524337_1358252148902939_1696572337134394477_n-edited-1024x1024.jpg\" alt=\"\" class=\"wp-image-539\"\/><\/figure>\n\n\n\n<figure class=\"wp-block-image size-large\"><img decoding=\"async\" src=\"https:\/\/lecheminduromarin.fr\/wp-content\/uploads\/2024\/04\/436730566_2671772749654538_5327321383199837286_n-edited-1024x1024.jpg\" alt=\"\" class=\"wp-image-540\"\/><\/figure>\n<\/figure>\n<\/div>\n","protected":false},"excerpt":{"rendered":"<p>Repos, Bien-\u00eatre et D\u00e9tente SPA, Sauna, Piscine, Terrasse et Jardin privatif Activit\u00e9s Physique Salle de Sport, Ping Pong, Jeux Pour Enfants, Promenade D\u00e9couverte et Convivialit\u00e9 Visite des chais et D\u00e9gustations<\/p>\n","protected":false},"author":1,"featured_media":0,"parent":0,"menu_order":0,"comment_status":"closed","ping_status":"closed","template":"","meta":{"footnotes":""},"aioseo_notices":[],"_links":{"self":[{"href":"https:\/\/lecheminduromarin.fr\/index.php?rest_route=\/wp\/v2\/pages\/103"}],"collection":[{"href":"https:\/\/lecheminduromarin.fr\/index.php?rest_route=\/wp\/v2\/pages"}],"about":[{"href":"https:\/\/lecheminduromarin.fr\/index.php?rest_route=\/wp\/v2\/types\/page"}],"author":[{"embeddable":true,"href":"https:\/\/lecheminduromarin.fr\/index.php?rest_route=\/wp\/v2\/users\/1"}],"replies":[{"embeddable":true,"href":"https:\/\/lecheminduromarin.fr\/index.php?rest_route=%2Fwp%2Fv2%2Fcomments&post=103"}],"version-history":[{"count":4,"href":"https:\/\/lecheminduromarin.fr\/index.php?rest_route=\/wp\/v2\/pages\/103\/revisions"}],"predecessor-version":[{"id":565,"href":"https:\/\/lecheminduromarin.fr\/index.php?rest_route=\/wp\/v2\/pages\/103\/revisions\/565"}],"wp:attachment":[{"href":"https:\/\/lecheminduromarin.fr\/index.php?rest_route=%2Fwp%2Fv2%2Fmedia&parent=103"}],"curies":[{"name":"wp","href":"https:\/\/api.w.org\/{rel}","templated":true}]}}