{"id":62,"date":"2024-02-25T20:46:18","date_gmt":"2024-02-25T19:46:18","guid":{"rendered":"https:\/\/lecheminduromarin.fr\/?page_id=62"},"modified":"2024-06-30T14:19:24","modified_gmt":"2024-06-30T12:19:24","slug":"62-2","status":"publish","type":"page","link":"https:\/\/lecheminduromarin.fr\/?page_id=62","title":{"rendered":"BLEU OC\u00c9AN 2 \u00c0 3* PERSONNES"},"content":{"rendered":"\n<p><em>*3 possibles si b\u00e9b\u00e9 ou jeunes enfants.<\/em><\/p>\n\n\n\n<center><iframe style='overflow:auto;-webkit-overflow-scrolling:touch;border:none;' height='330' width='100%' src='https:\/\/widget.itea.fr\/widget.php?key=96uoizd1&#038;numGite=17G72077&#038;widget-itea=prix' ><\/iframe>\n<\/center>\n\n\n\n<div class=\"wp-block-buttons is-content-justification-center is-layout-flex wp-container-core-buttons-is-layout-1 wp-block-buttons-is-layout-flex\">\n<div class=\"wp-block-button\"><a class=\"wp-block-button__link wp-element-button\" href=\"https:\/\/lecheminduromarin.fr\/?page_id=2\">R\u00e9server<\/a><\/div>\n<\/div>\n\n\n\n<div class=\"wp-block-columns is-layout-flex wp-container-core-columns-is-layout-2 wp-block-columns-is-layout-flex\">\n<div class=\"wp-block-column is-layout-flow wp-block-column-is-layout-flow\">\n<div class=\"wp-block-columns is-layout-flex wp-container-core-columns-is-layout-1 wp-block-columns-is-layout-flex\">\n<div class=\"wp-block-column is-layout-flow wp-block-column-is-layout-flow\">\n<center><iframe style='overflow:auto;-webkit-overflow-scrolling:touch;border:none;' height='500' width='100%' src='https:\/\/widget.itea.fr\/widget.php?key=96uoizd1&#038;numGite=17G72077&#038;widget-itea=dispo' ><\/iframe><\/center>\n<\/div>\n\n\n\n<div class=\"wp-block-column is-layout-flow wp-block-column-is-layout-flow\">\n<center><iframe style='overflow:auto;-webkit-overflow-scrolling:touch;border:none;' height='500' width='100%' src='https:\/\/widget.itea.fr\/widget.php?key=96uoizd1&#038;numGite=17G72077&#038;widget-itea=avis' ><\/iframe><\/center>\n<\/div>\n<\/div>\n<\/div>\n<\/div>\n\n\n<h1 id=\"i-am-a-lifestyle-and-fashion-blogger-a-person-who-enjoys-travel\" class=\"wp-block-heading is-style-ona-alt-font has-primary-color has-text-color\" style=\"margin-top: 16px; margin-bottom: 16px; font-size: 2.25rem;\"><strong>Int\u00e9rieur<\/strong><\/h1>\n\n\n<figure class=\"wp-block-gallery alignwide has-nested-images columns-default is-cropped wp-block-gallery-1 is-layout-flex wp-block-gallery-is-layout-flex\">\n<figure class=\"wp-block-image size-large\"><img loading=\"lazy\" decoding=\"async\" width=\"642\" height=\"335\" data-id=\"473\" src=\"https:\/\/lecheminduromarin.fr\/wp-content\/uploads\/2024\/04\/bleu-9.jpg\" alt=\"\" class=\"wp-image-473\" srcset=\"https:\/\/lecheminduromarin.fr\/wp-content\/uploads\/2024\/04\/bleu-9.jpg 642w, https:\/\/lecheminduromarin.fr\/wp-content\/uploads\/2024\/04\/bleu-9-300x157.jpg 300w\" sizes=\"(max-width: 642px) 100vw, 642px\" \/><\/figure>\n\n\n\n<figure class=\"wp-block-image size-large\"><img loading=\"lazy\" decoding=\"async\" width=\"642\" height=\"335\" data-id=\"474\" src=\"https:\/\/lecheminduromarin.fr\/wp-content\/uploads\/2024\/04\/bleu-10.jpg\" alt=\"\" class=\"wp-image-474\" srcset=\"https:\/\/lecheminduromarin.fr\/wp-content\/uploads\/2024\/04\/bleu-10.jpg 642w, https:\/\/lecheminduromarin.fr\/wp-content\/uploads\/2024\/04\/bleu-10-300x157.jpg 300w\" sizes=\"(max-width: 642px) 100vw, 642px\" \/><\/figure>\n\n\n\n<figure class=\"wp-block-image size-large\"><img loading=\"lazy\" decoding=\"async\" width=\"642\" height=\"335\" data-id=\"471\" src=\"https:\/\/lecheminduromarin.fr\/wp-content\/uploads\/2024\/04\/bleu-1.jpg\" alt=\"\" class=\"wp-image-471\" srcset=\"https:\/\/lecheminduromarin.fr\/wp-content\/uploads\/2024\/04\/bleu-1.jpg 642w, https:\/\/lecheminduromarin.fr\/wp-content\/uploads\/2024\/04\/bleu-1-300x157.jpg 300w\" sizes=\"(max-width: 642px) 100vw, 642px\" \/><\/figure>\n<\/figure>\n\n\n<h1 id=\"i-am-a-lifestyle-and-fashion-blogger-a-person-who-enjoys-travel\" class=\"wp-block-heading is-style-ona-alt-font has-primary-color has-text-color\" style=\"margin-top: 16px; margin-bottom: 16px; font-size: 2.25rem;\"><strong>Ext\u00e9rieur<\/strong><\/h1>\n\n\n<figure class=\"wp-block-gallery alignwide has-nested-images columns-default is-cropped wp-block-gallery-2 is-layout-flex wp-block-gallery-is-layout-flex\">\n<figure class=\"wp-block-image size-large\"><img loading=\"lazy\" decoding=\"async\" width=\"1024\" height=\"768\" data-id=\"479\" src=\"https:\/\/lecheminduromarin.fr\/wp-content\/uploads\/2024\/04\/435531061_970584127741221_5865476968238728919_n-1-1024x768.jpg\" alt=\"\" class=\"wp-image-479\" srcset=\"https:\/\/lecheminduromarin.fr\/wp-content\/uploads\/2024\/04\/435531061_970584127741221_5865476968238728919_n-1-1024x768.jpg 1024w, https:\/\/lecheminduromarin.fr\/wp-content\/uploads\/2024\/04\/435531061_970584127741221_5865476968238728919_n-1-300x225.jpg 300w, https:\/\/lecheminduromarin.fr\/wp-content\/uploads\/2024\/04\/435531061_970584127741221_5865476968238728919_n-1-768x576.jpg 768w, https:\/\/lecheminduromarin.fr\/wp-content\/uploads\/2024\/04\/435531061_970584127741221_5865476968238728919_n-1-1536x1152.jpg 1536w, https:\/\/lecheminduromarin.fr\/wp-content\/uploads\/2024\/04\/435531061_970584127741221_5865476968238728919_n-1-1170x878.jpg 1170w, https:\/\/lecheminduromarin.fr\/wp-content\/uploads\/2024\/04\/435531061_970584127741221_5865476968238728919_n-1.jpg 2048w\" sizes=\"(max-width: 1024px) 100vw, 1024px\" \/><\/figure>\n\n\n\n<figure class=\"wp-block-image size-large\"><img loading=\"lazy\" decoding=\"async\" width=\"1024\" height=\"768\" data-id=\"480\" src=\"https:\/\/lecheminduromarin.fr\/wp-content\/uploads\/2024\/04\/bleu-2-1024x768.jpg\" alt=\"\" class=\"wp-image-480\" srcset=\"https:\/\/lecheminduromarin.fr\/wp-content\/uploads\/2024\/04\/bleu-2-1024x768.jpg 1024w, https:\/\/lecheminduromarin.fr\/wp-content\/uploads\/2024\/04\/bleu-2-300x225.jpg 300w, https:\/\/lecheminduromarin.fr\/wp-content\/uploads\/2024\/04\/bleu-2-768x576.jpg 768w, https:\/\/lecheminduromarin.fr\/wp-content\/uploads\/2024\/04\/bleu-2-1536x1152.jpg 1536w, https:\/\/lecheminduromarin.fr\/wp-content\/uploads\/2024\/04\/bleu-2-2048x1536.jpg 2048w, https:\/\/lecheminduromarin.fr\/wp-content\/uploads\/2024\/04\/bleu-2-1170x878.jpg 1170w\" sizes=\"(max-width: 1024px) 100vw, 1024px\" \/><\/figure>\n\n\n\n<figure class=\"wp-block-image size-large\"><img loading=\"lazy\" decoding=\"async\" width=\"642\" height=\"335\" data-id=\"472\" src=\"https:\/\/lecheminduromarin.fr\/wp-content\/uploads\/2024\/04\/bleu-4.jpg\" alt=\"\" class=\"wp-image-472\" srcset=\"https:\/\/lecheminduromarin.fr\/wp-content\/uploads\/2024\/04\/bleu-4.jpg 642w, https:\/\/lecheminduromarin.fr\/wp-content\/uploads\/2024\/04\/bleu-4-300x157.jpg 300w\" sizes=\"(max-width: 642px) 100vw, 642px\" \/><\/figure>\n\n\n\n<figure class=\"wp-block-image size-large\"><img loading=\"lazy\" decoding=\"async\" width=\"642\" height=\"335\" data-id=\"476\" src=\"https:\/\/lecheminduromarin.fr\/wp-content\/uploads\/2024\/04\/bleu-5.jpg\" alt=\"\" class=\"wp-image-476\" srcset=\"https:\/\/lecheminduromarin.fr\/wp-content\/uploads\/2024\/04\/bleu-5.jpg 642w, https:\/\/lecheminduromarin.fr\/wp-content\/uploads\/2024\/04\/bleu-5-300x157.jpg 300w\" sizes=\"(max-width: 642px) 100vw, 642px\" \/><\/figure>\n\n\n\n<figure class=\"wp-block-image size-large\"><img loading=\"lazy\" decoding=\"async\" width=\"642\" height=\"335\" data-id=\"478\" src=\"https:\/\/lecheminduromarin.fr\/wp-content\/uploads\/2024\/04\/bleu-6.jpg\" alt=\"\" class=\"wp-image-478\" srcset=\"https:\/\/lecheminduromarin.fr\/wp-content\/uploads\/2024\/04\/bleu-6.jpg 642w, https:\/\/lecheminduromarin.fr\/wp-content\/uploads\/2024\/04\/bleu-6-300x157.jpg 300w\" sizes=\"(max-width: 642px) 100vw, 642px\" \/><\/figure>\n\n\n\n<figure class=\"wp-block-image size-large\"><img loading=\"lazy\" decoding=\"async\" width=\"500\" height=\"261\" data-id=\"475\" src=\"https:\/\/lecheminduromarin.fr\/wp-content\/uploads\/2024\/04\/bleu-7.jpg\" alt=\"\" class=\"wp-image-475\" srcset=\"https:\/\/lecheminduromarin.fr\/wp-content\/uploads\/2024\/04\/bleu-7.jpg 500w, https:\/\/lecheminduromarin.fr\/wp-content\/uploads\/2024\/04\/bleu-7-300x157.jpg 300w\" sizes=\"(max-width: 500px) 100vw, 500px\" \/><\/figure>\n\n\n\n<figure class=\"wp-block-image size-large\"><img loading=\"lazy\" decoding=\"async\" width=\"642\" height=\"335\" data-id=\"477\" src=\"https:\/\/lecheminduromarin.fr\/wp-content\/uploads\/2024\/04\/bleu-8.jpg\" alt=\"\" class=\"wp-image-477\" srcset=\"https:\/\/lecheminduromarin.fr\/wp-content\/uploads\/2024\/04\/bleu-8.jpg 642w, https:\/\/lecheminduromarin.fr\/wp-content\/uploads\/2024\/04\/bleu-8-300x157.jpg 300w\" sizes=\"(max-width: 642px) 100vw, 642px\" \/><\/figure>\n<\/figure>\n","protected":false},"excerpt":{"rendered":"<p>*3 possibles si b\u00e9b\u00e9 ou jeunes enfants. Int\u00e9rieur Ext\u00e9rieur<\/p>\n","protected":false},"author":1,"featured_media":0,"parent":0,"menu_order":0,"comment_status":"closed","ping_status":"closed","template":"","meta":{"footnotes":""},"aioseo_notices":[],"_links":{"self":[{"href":"https:\/\/lecheminduromarin.fr\/index.php?rest_route=\/wp\/v2\/pages\/62"}],"collection":[{"href":"https:\/\/lecheminduromarin.fr\/index.php?rest_route=\/wp\/v2\/pages"}],"about":[{"href":"https:\/\/lecheminduromarin.fr\/index.php?rest_route=\/wp\/v2\/types\/page"}],"author":[{"embeddable":true,"href":"https:\/\/lecheminduromarin.fr\/index.php?rest_route=\/wp\/v2\/users\/1"}],"replies":[{"embeddable":true,"href":"https:\/\/lecheminduromarin.fr\/index.php?rest_route=%2Fwp%2Fv2%2Fcomments&post=62"}],"version-history":[{"count":18,"href":"https:\/\/lecheminduromarin.fr\/index.php?rest_route=\/wp\/v2\/pages\/62\/revisions"}],"predecessor-version":[{"id":641,"href":"https:\/\/lecheminduromarin.fr\/index.php?rest_route=\/wp\/v2\/pages\/62\/revisions\/641"}],"wp:attachment":[{"href":"https:\/\/lecheminduromarin.fr\/index.php?rest_route=%2Fwp%2Fv2%2Fmedia&parent=62"}],"curies":[{"name":"wp","href":"https:\/\/api.w.org\/{rel}","templated":true}]}}