{"id":96,"date":"2024-02-25T22:52:56","date_gmt":"2024-02-25T21:52:56","guid":{"rendered":"https:\/\/lecheminduromarin.fr\/?page_id=96"},"modified":"2024-06-29T19:47:00","modified_gmt":"2024-06-29T17:47:00","slug":"tarif-et-disponibilites","status":"publish","type":"page","link":"https:\/\/lecheminduromarin.fr\/?page_id=96","title":{"rendered":"Disponibilit\u00e9s"},"content":{"rendered":"\n<div class=\"wp-block-group alignfull has-text-color has-background is-layout-flow wp-block-group-is-layout-flow\" style=\"color:#000000;background-color:#ffffff\">\n<div class=\"wp-block-columns is-layout-flex wp-container-core-columns-is-layout-2 wp-block-columns-is-layout-flex\">\n<div class=\"wp-block-column is-layout-flow wp-block-column-is-layout-flow\">\n<div class=\"wp-block-columns is-layout-flex wp-container-core-columns-is-layout-1 wp-block-columns-is-layout-flex\">\n<div class=\"wp-block-column is-layout-flow wp-block-column-is-layout-flow\">\n<div class=\"wp-block-group alignwide has-background-light-background-color has-background is-layout-constrained wp-container-core-group-is-layout-4 wp-block-group-is-layout-constrained\" style=\"padding-bottom:110px\">\n<div class=\"wp-block-group is-layout-constrained wp-block-group-is-layout-constrained\">\n<h2 id=\"my-art\" class=\"wp-block-heading has-text-align-center is-style-ona-alt-font\"><a href=\"https:\/\/lecheminduromarin.fr\/?page_id=18\">Rose Tr\u00e9mi\u00e8re<\/a><\/h2>\n<\/div>\n\n\n\n<center><iframe style='overflow:auto;-webkit-overflow-scrolling:touch;border:none;' height='500' width='100%' src='https:\/\/widget.itea.fr\/widget.php?key=96uoizd1&#038;numgite=17G72177&#038;widget-itea=dispo&#038;nbmois=2&#038;nbmois-ligne=2' ><\/iframe><\/center>\n\n\n\n<div class=\"wp-block-group is-layout-constrained wp-block-group-is-layout-constrained\">\n<div class=\"wp-block-group is-layout-constrained wp-block-group-is-layout-constrained\">\n<figure class=\"wp-block-gallery has-nested-images columns-5 is-cropped wp-block-gallery-1 is-layout-flex wp-block-gallery-is-layout-flex\">\n<figure class=\"wp-block-image size-large\"><img loading=\"lazy\" decoding=\"async\" width=\"1024\" height=\"1024\" src=\"https:\/\/lecheminduromarin.fr\/wp-content\/uploads\/2024\/04\/rose-1024x1024.jpg\" alt=\"\" class=\"wp-image-505\" srcset=\"https:\/\/lecheminduromarin.fr\/wp-content\/uploads\/2024\/04\/rose-1024x1024.jpg 1024w, https:\/\/lecheminduromarin.fr\/wp-content\/uploads\/2024\/04\/rose-300x300.jpg 300w, https:\/\/lecheminduromarin.fr\/wp-content\/uploads\/2024\/04\/rose-150x150.jpg 150w, https:\/\/lecheminduromarin.fr\/wp-content\/uploads\/2024\/04\/rose-768x768.jpg 768w, https:\/\/lecheminduromarin.fr\/wp-content\/uploads\/2024\/04\/rose-1170x1170.jpg 1170w, https:\/\/lecheminduromarin.fr\/wp-content\/uploads\/2024\/04\/rose.jpg 1224w\" sizes=\"(max-width: 1024px) 100vw, 1024px\" \/><\/figure>\n\n\n\n<figure class=\"wp-block-image size-full\"><img loading=\"lazy\" decoding=\"async\" width=\"335\" height=\"335\" src=\"https:\/\/lecheminduromarin.fr\/wp-content\/uploads\/2024\/04\/rose-10.jpg\" alt=\"\" class=\"wp-image-506\" srcset=\"https:\/\/lecheminduromarin.fr\/wp-content\/uploads\/2024\/04\/rose-10.jpg 335w, https:\/\/lecheminduromarin.fr\/wp-content\/uploads\/2024\/04\/rose-10-300x300.jpg 300w, https:\/\/lecheminduromarin.fr\/wp-content\/uploads\/2024\/04\/rose-10-150x150.jpg 150w\" sizes=\"(max-width: 335px) 100vw, 335px\" \/><\/figure>\n<\/figure>\n<\/div>\n<\/div>\n<\/div>\n\n\n\n<div class=\"wp-block-group alignwide has-background-light-background-color has-background is-layout-constrained wp-container-core-group-is-layout-8 wp-block-group-is-layout-constrained\" style=\"padding-bottom:110px\">\n<div class=\"wp-block-group is-content-justification-center is-nowrap is-layout-flex wp-container-core-group-is-layout-5 wp-block-group-is-layout-flex\">\n<h2 id=\"my-art\" class=\"wp-block-heading has-text-align-center is-style-ona-alt-font\"><a title=\"LAVANDE 2 \u00c0 4 PERSONNES\" href=\"https:\/\/lecheminduromarin.fr\/?page_id=86\">Lavande<\/a><\/h2>\n<\/div>\n\n\n\n<center><iframe style='overflow:auto;-webkit-overflow-scrolling:touch;border:none;' height='500' width='100%' src='https:\/\/widget.itea.fr\/widget.php?key=96uoizd1&#038;numgite=17G72178&#038;widget-itea=dispo&#038;nbmois=2&#038;nbmois-ligne=2' ><\/iframe><\/center>\n\n\n\n<div class=\"wp-block-group is-layout-constrained wp-block-group-is-layout-constrained\">\n<div class=\"wp-block-group is-layout-constrained wp-block-group-is-layout-constrained\">\n<figure class=\"wp-block-gallery has-nested-images columns-5 is-cropped wp-block-gallery-2 is-layout-flex wp-block-gallery-is-layout-flex\">\n<figure class=\"wp-block-image size-large\"><img loading=\"lazy\" decoding=\"async\" width=\"1024\" height=\"1024\" src=\"https:\/\/lecheminduromarin.fr\/wp-content\/uploads\/2024\/04\/lavande-1024x1024.jpg\" alt=\"\" class=\"wp-image-510\" srcset=\"https:\/\/lecheminduromarin.fr\/wp-content\/uploads\/2024\/04\/lavande-1024x1024.jpg 1024w, https:\/\/lecheminduromarin.fr\/wp-content\/uploads\/2024\/04\/lavande-300x300.jpg 300w, https:\/\/lecheminduromarin.fr\/wp-content\/uploads\/2024\/04\/lavande-150x150.jpg 150w, https:\/\/lecheminduromarin.fr\/wp-content\/uploads\/2024\/04\/lavande-768x768.jpg 768w, https:\/\/lecheminduromarin.fr\/wp-content\/uploads\/2024\/04\/lavande-1170x1170.jpg 1170w, https:\/\/lecheminduromarin.fr\/wp-content\/uploads\/2024\/04\/lavande.jpg 1536w\" sizes=\"(max-width: 1024px) 100vw, 1024px\" \/><\/figure>\n\n\n\n<figure class=\"wp-block-image size-full\"><img loading=\"lazy\" decoding=\"async\" width=\"335\" height=\"335\" src=\"https:\/\/lecheminduromarin.fr\/wp-content\/uploads\/2024\/04\/lavande2.jpg\" alt=\"\" class=\"wp-image-511\" srcset=\"https:\/\/lecheminduromarin.fr\/wp-content\/uploads\/2024\/04\/lavande2.jpg 335w, https:\/\/lecheminduromarin.fr\/wp-content\/uploads\/2024\/04\/lavande2-300x300.jpg 300w, https:\/\/lecheminduromarin.fr\/wp-content\/uploads\/2024\/04\/lavande2-150x150.jpg 150w\" sizes=\"(max-width: 335px) 100vw, 335px\" \/><\/figure>\n<\/figure>\n<\/div>\n<\/div>\n<\/div>\n<\/div>\n\n\n\n<div class=\"wp-block-column is-layout-flow wp-block-column-is-layout-flow\">\n<div class=\"wp-block-group alignwide has-background-light-background-color has-background is-layout-constrained wp-container-core-group-is-layout-11 wp-block-group-is-layout-constrained\" style=\"padding-bottom:110px\">\n<h2 id=\"my-art\" class=\"wp-block-heading has-text-align-center is-style-ona-alt-font\"><a title=\"LAVANDE 2 \u00c0 4 PERSONNES\" href=\"https:\/\/lecheminduromarin.fr\/?page_id=62\">Bleu Oc\u00e9an<\/a><\/h2>\n\n\n\n<center><iframe style='overflow:auto;-webkit-overflow-scrolling:touch;border:none;' height='500' width='100%' src='https:\/\/widget.itea.fr\/widget.php?key=96uoizd1&#038;numgite=17G72077&#038;widget-itea=dispo&#038;nbmois=2&#038;nbmois-ligne=2' ><\/iframe><\/center>\n\n\n\n<div class=\"wp-block-group is-layout-constrained wp-block-group-is-layout-constrained\">\n<div class=\"wp-block-group is-layout-constrained wp-block-group-is-layout-constrained\">\n<figure class=\"wp-block-gallery has-nested-images columns-5 is-cropped wp-block-gallery-3 is-layout-flex wp-block-gallery-is-layout-flex\">\n<figure class=\"wp-block-image size-full\"><img loading=\"lazy\" decoding=\"async\" width=\"335\" height=\"335\" src=\"https:\/\/lecheminduromarin.fr\/wp-content\/uploads\/2024\/04\/bleu2.jpg\" alt=\"\" class=\"wp-image-507\" srcset=\"https:\/\/lecheminduromarin.fr\/wp-content\/uploads\/2024\/04\/bleu2.jpg 335w, https:\/\/lecheminduromarin.fr\/wp-content\/uploads\/2024\/04\/bleu2-300x300.jpg 300w, https:\/\/lecheminduromarin.fr\/wp-content\/uploads\/2024\/04\/bleu2-150x150.jpg 150w\" sizes=\"(max-width: 335px) 100vw, 335px\" \/><\/figure>\n\n\n\n<figure class=\"wp-block-image size-full\"><img loading=\"lazy\" decoding=\"async\" width=\"335\" height=\"335\" src=\"https:\/\/lecheminduromarin.fr\/wp-content\/uploads\/2024\/04\/bleu3.jpg\" alt=\"\" class=\"wp-image-508\" srcset=\"https:\/\/lecheminduromarin.fr\/wp-content\/uploads\/2024\/04\/bleu3.jpg 335w, https:\/\/lecheminduromarin.fr\/wp-content\/uploads\/2024\/04\/bleu3-300x300.jpg 300w, https:\/\/lecheminduromarin.fr\/wp-content\/uploads\/2024\/04\/bleu3-150x150.jpg 150w\" sizes=\"(max-width: 335px) 100vw, 335px\" \/><\/figure>\n<\/figure>\n<\/div>\n<\/div>\n<\/div>\n\n\n\n<div class=\"wp-block-group alignwide has-background-light-background-color has-background is-layout-constrained wp-container-core-group-is-layout-15 wp-block-group-is-layout-constrained\" style=\"padding-bottom:110px\">\n<div class=\"wp-block-group is-content-justification-center is-nowrap is-layout-flex wp-container-core-group-is-layout-12 wp-block-group-is-layout-flex\">\n<h2 id=\"my-art\" class=\"wp-block-heading has-text-align-center is-style-ona-alt-font\"><a href=\"https:\/\/lecheminduromarin.fr\/?page_id=93\">Romarin<\/a><\/h2>\n<\/div>\n\n\n\n<center><iframe style='overflow:auto;-webkit-overflow-scrolling:touch;border:none;' height='500' width='100%' src='https:\/\/widget.itea.fr\/widget.php?key=96uoizd1&#038;numgite=17G72179&#038;widget-itea=dispo&#038;nbmois=2&#038;nbmois-ligne=2' ><\/iframe><\/center>\n\n\n\n<div class=\"wp-block-group is-layout-constrained wp-block-group-is-layout-constrained\">\n<div class=\"wp-block-group is-layout-constrained wp-block-group-is-layout-constrained\">\n<figure class=\"wp-block-gallery has-nested-images columns-5 is-cropped wp-block-gallery-4 is-layout-flex wp-block-gallery-is-layout-flex\">\n<figure class=\"wp-block-image size-large\"><img loading=\"lazy\" decoding=\"async\" width=\"1024\" height=\"1024\" src=\"https:\/\/lecheminduromarin.fr\/wp-content\/uploads\/2024\/04\/romarin-1024x1024.jpg\" alt=\"\" class=\"wp-image-512\" srcset=\"https:\/\/lecheminduromarin.fr\/wp-content\/uploads\/2024\/04\/romarin-1024x1024.jpg 1024w, https:\/\/lecheminduromarin.fr\/wp-content\/uploads\/2024\/04\/romarin-300x300.jpg 300w, https:\/\/lecheminduromarin.fr\/wp-content\/uploads\/2024\/04\/romarin-150x150.jpg 150w, https:\/\/lecheminduromarin.fr\/wp-content\/uploads\/2024\/04\/romarin-768x768.jpg 768w, https:\/\/lecheminduromarin.fr\/wp-content\/uploads\/2024\/04\/romarin-1170x1170.jpg 1170w, https:\/\/lecheminduromarin.fr\/wp-content\/uploads\/2024\/04\/romarin.jpg 1224w\" sizes=\"(max-width: 1024px) 100vw, 1024px\" \/><\/figure>\n\n\n\n<figure class=\"wp-block-image size-large\"><img loading=\"lazy\" decoding=\"async\" width=\"1024\" height=\"1024\" src=\"https:\/\/lecheminduromarin.fr\/wp-content\/uploads\/2024\/04\/romarin2-1024x1024.jpg\" alt=\"\" class=\"wp-image-513\" srcset=\"https:\/\/lecheminduromarin.fr\/wp-content\/uploads\/2024\/04\/romarin2-1024x1024.jpg 1024w, https:\/\/lecheminduromarin.fr\/wp-content\/uploads\/2024\/04\/romarin2-300x300.jpg 300w, https:\/\/lecheminduromarin.fr\/wp-content\/uploads\/2024\/04\/romarin2-150x150.jpg 150w, https:\/\/lecheminduromarin.fr\/wp-content\/uploads\/2024\/04\/romarin2-768x768.jpg 768w, https:\/\/lecheminduromarin.fr\/wp-content\/uploads\/2024\/04\/romarin2-1536x1536.jpg 1536w, https:\/\/lecheminduromarin.fr\/wp-content\/uploads\/2024\/04\/romarin2-2048x2048.jpg 2048w, https:\/\/lecheminduromarin.fr\/wp-content\/uploads\/2024\/04\/romarin2-1170x1170.jpg 1170w\" sizes=\"(max-width: 1024px) 100vw, 1024px\" \/><\/figure>\n<\/figure>\n<\/div>\n<\/div>\n<\/div>\n<\/div>\n<\/div>\n<\/div>\n<\/div>\n\n\n\n<p class=\"has-text-align-center has-small-font-size\" style=\"line-height:.9\"><strong>R\u00e9servez d\u00e8s <\/strong><\/p>\n\n\n\n<p class=\"has-text-align-center has-small-font-size\" style=\"line-height:.9\"><strong>maintenant<\/strong><\/p>\n\n\n\n<div class=\"wp-block-buttons is-horizontal is-content-justification-center is-layout-flex wp-container-core-buttons-is-layout-1 wp-block-buttons-is-layout-flex\">\n<div class=\"wp-block-button has-custom-width wp-block-button__width-50\"><a class=\"wp-block-button__link has-text-color has-background wp-element-button\" href=\"https:\/\/lecheminduromarin.fr\/?page_id=2\" style=\"border-radius:50px;color:#ffffff;background-color:#000000\">Contactez-nous<\/a><\/div>\n<\/div>\n<\/div>\n","protected":false},"excerpt":{"rendered":"<p>Rose Tr\u00e9mi\u00e8re Lavande Bleu Oc\u00e9an Romarin R\u00e9servez d\u00e8s maintenant<\/p>\n","protected":false},"author":1,"featured_media":0,"parent":109,"menu_order":0,"comment_status":"closed","ping_status":"closed","template":"","meta":{"footnotes":""},"aioseo_notices":[],"_links":{"self":[{"href":"https:\/\/lecheminduromarin.fr\/index.php?rest_route=\/wp\/v2\/pages\/96"}],"collection":[{"href":"https:\/\/lecheminduromarin.fr\/index.php?rest_route=\/wp\/v2\/pages"}],"about":[{"href":"https:\/\/lecheminduromarin.fr\/index.php?rest_route=\/wp\/v2\/types\/page"}],"author":[{"embeddable":true,"href":"https:\/\/lecheminduromarin.fr\/index.php?rest_route=\/wp\/v2\/users\/1"}],"replies":[{"embeddable":true,"href":"https:\/\/lecheminduromarin.fr\/index.php?rest_route=%2Fwp%2Fv2%2Fcomments&post=96"}],"version-history":[{"count":70,"href":"https:\/\/lecheminduromarin.fr\/index.php?rest_route=\/wp\/v2\/pages\/96\/revisions"}],"predecessor-version":[{"id":631,"href":"https:\/\/lecheminduromarin.fr\/index.php?rest_route=\/wp\/v2\/pages\/96\/revisions\/631"}],"up":[{"embeddable":true,"href":"https:\/\/lecheminduromarin.fr\/index.php?rest_route=\/wp\/v2\/pages\/109"}],"wp:attachment":[{"href":"https:\/\/lecheminduromarin.fr\/index.php?rest_route=%2Fwp%2Fv2%2Fmedia&parent=96"}],"curies":[{"name":"wp","href":"https:\/\/api.w.org\/{rel}","templated":true}]}}